{"id":67,"date":"2017-11-30T11:19:44","date_gmt":"2017-11-30T11:19:44","guid":{"rendered":"http:\/\/laboratoriosfundiza.es\/wordpress\/?page_id=67"},"modified":"2018-01-02T11:03:29","modified_gmt":"2018-01-02T11:03:29","slug":"anticongelante-refrigerante","status":"publish","type":"page","link":"https:\/\/laboratoriosfundiza.es\/web\/anticongelante-refrigerante\/","title":{"rendered":"Anticongelante &#8211; Refrigerante"},"content":{"rendered":"<p>[et_pb_section bb_built=\u00bb1&#8243;][et_pb_row][et_pb_column type=\u00bb3_4&#8243;][et_pb_text _builder_version=\u00bb3.0.64&#8243; background_layout=\u00bblight\u00bb text_orientation=\u00bbleft\u00bb border_style=\u00bbsolid\u00bb]<\/p>\n<p>Anticongelante Refrigerante es un producto a base de monoetilenglicol que refrigera y evita la congelaci\u00f3n de los motores (de autom\u00f3viles, motocicletas, etc) para que funcionen expuestos a temperaturas extremas.<\/p>\n<p>Tambi\u00e9n utilizado para circuitos de placas solares.<\/p>\n<p>Fabricamos Anticongelantes y Refrigerantes en diferentes envases o medidas: 5 litros, 25 litros, 1000 litros, granel.<br \/>\nNos podemos adaptar a las necesidades de nuestros clientes.<br \/>\nFabricamos para otras marcas.<\/p>\n<p>[\/et_pb_text][\/et_pb_column][et_pb_column type=\u00bb1_4&#8243;][et_pb_image _builder_version=\u00bb3.0.64&#8243; src=\u00bbhttp:\/\/laboratoriosfundiza.es\/wp-content\/uploads\/2017\/11\/hero-side__productos.png\u00bb show_in_lightbox=\u00bboff\u00bb url_new_window=\u00bboff\u00bb use_overlay=\u00bboff\u00bb sticky=\u00bboff\u00bb align=\u00bbleft\u00bb always_center_on_mobile=\u00bbon\u00bb border_style=\u00bbsolid\u00bb force_fullwidth=\u00bboff\u00bb \/][\/et_pb_column][\/et_pb_row][et_pb_row][et_pb_column type=\u00bb1_4&#8243;][et_pb_blurb _builder_version=\u00bb3.0.64&#8243; title=\u00bbAnticongelante-refrigerante 5 litros al 10%\u00bb url_new_window=\u00bboff\u00bb use_icon=\u00bboff\u00bb image=\u00bbhttp:\/\/laboratoriosfundiza.es\/wp-content\/uploads\/2017\/11\/anticongelante.jpg\u00bb use_circle=\u00bboff\u00bb use_circle_border=\u00bboff\u00bb icon_placement=\u00bbtop\u00bb use_icon_font_size=\u00bboff\u00bb background_layout=\u00bblight\u00bb border_style=\u00bbsolid\u00bb animation=\u00bbtop\u00bb]<\/p>\n<p>Descripcion:<br \/>\nProducto a base de monoetilenglicol que refrigera y evita la congelaci\u00f3n de los motores (de autom\u00f3viles, motocicletas, etc) para que funcionen expuestos a temperaturas extremas.<br \/>\nTambi\u00e9n utilizado para circuitos de placas solares.<br \/>\nSe suministra en cajas de 4 unidades.<br \/>\nUn palet lo completan 32 cajas.<br \/>\nReferencia: 10<\/p>\n<p>[\/et_pb_blurb][\/et_pb_column][et_pb_column type=\u00bb1_4&#8243;][et_pb_blurb _builder_version=\u00bb3.0.64&#8243; title=\u00bbAnticongelante-refrigerante 5 litros al 30%\u00bb url_new_window=\u00bboff\u00bb use_icon=\u00bboff\u00bb image=\u00bbhttp:\/\/laboratoriosfundiza.es\/wp-content\/uploads\/2017\/11\/anticongelante5_30.jpg\u00bb use_circle=\u00bboff\u00bb use_circle_border=\u00bboff\u00bb icon_placement=\u00bbtop\u00bb use_icon_font_size=\u00bboff\u00bb background_layout=\u00bblight\u00bb border_style=\u00bbsolid\u00bb animation=\u00bbtop\u00bb]<\/p>\n<p>Descripcion:<br \/>\nProducto a base de monoetilenglicol que refrigera y evita la congelaci\u00f3n de los motores (de autom\u00f3viles, motocicletas, etc) para que funcionen expuestos a temperaturas extremas.<br \/>\nTambi\u00e9n utilizado para circuitos de placas solares.<br \/>\nSe suministra en cajas de 4 unidades.<br \/>\nUn palet lo completan 32 cajas.<br \/>\nReferencia: 30<\/p>\n<p>[\/et_pb_blurb][\/et_pb_column][et_pb_column type=\u00bb1_4&#8243;][et_pb_blurb _builder_version=\u00bb3.0.64&#8243; title=\u00bbAnticongelante-refrigerante 5 litros al 50%\u00bb url_new_window=\u00bboff\u00bb use_icon=\u00bboff\u00bb image=\u00bbhttp:\/\/laboratoriosfundiza.es\/wp-content\/uploads\/2017\/11\/anticongelante5_50.jpg\u00bb use_circle=\u00bboff\u00bb use_circle_border=\u00bboff\u00bb icon_placement=\u00bbtop\u00bb use_icon_font_size=\u00bboff\u00bb background_layout=\u00bblight\u00bb border_style=\u00bbsolid\u00bb animation=\u00bbtop\u00bb]<\/p>\n<p>Descripcion:<br \/>\nProducto a base de monoetilenglicol que refrigera y evita la congelaci\u00f3n de los motores (de autom\u00f3viles, motocicletas, etc) para que funcionen expuestos a temperaturas extremas.<br \/>\nTambi\u00e9n utilizado para circuitos de placas solares.<br \/>\nSe suministra en cajas de 4 unidades.<br \/>\nUn palet lo completan 32 cajas.<br \/>\nReferencia: 50<\/p>\n<p>[\/et_pb_blurb][\/et_pb_column][et_pb_column type=\u00bb1_4&#8243;][et_pb_blurb _builder_version=\u00bb3.0.64&#8243; title=\u00bbAnticongelante-refrigerante en envase de 25 litros\u00bb url_new_window=\u00bboff\u00bb use_icon=\u00bboff\u00bb image=\u00bbhttp:\/\/laboratoriosfundiza.es\/wp-content\/uploads\/2017\/11\/anticongelante25.jpg\u00bb use_circle=\u00bboff\u00bb use_circle_border=\u00bboff\u00bb icon_placement=\u00bbtop\u00bb use_icon_font_size=\u00bboff\u00bb background_layout=\u00bblight\u00bb border_style=\u00bbsolid\u00bb animation=\u00bbtop\u00bb]<\/p>\n<p>Descripcion:<br \/>\nProducto a base de monoetilenglicol que refrigera y evita la congelaci\u00f3n de los motores (de autom\u00f3viles, motocicletas, etc) para que funcionen expuestos a temperaturas extremas.<br \/>\nTambi\u00e9n utilizado para circuitos de placas solares.<br \/>\nUn palet lo completan 24 garrafas.<br \/>\nReferencia: G25<\/p>\n<p>[\/et_pb_blurb][\/et_pb_column][\/et_pb_row][\/et_pb_section]<\/p>\n","protected":false},"excerpt":{"rendered":"<p>[et_pb_section bb_built=\u00bb1&#8243;][et_pb_row][et_pb_column type=\u00bb3_4&#8243;][et_pb_text _builder_version=\u00bb3.0.64&#8243; background_layout=\u00bblight\u00bb text_orientation=\u00bbleft\u00bb border_style=\u00bbsolid\u00bb] Anticongelante Refrigerante es un producto a base de monoetilenglicol que refrigera y evita la congelaci\u00f3n de los motores (de autom\u00f3viles, motocicletas, etc) para que funcionen expuestos a temperaturas extremas. Tambi\u00e9n utilizado para circuitos de placas solares. Fabricamos Anticongelantes y Refrigerantes en diferentes envases o medidas: 5 litros, 25 [&hellip;]<\/p>\n","protected":false},"author":1,"featured_media":0,"parent":0,"menu_order":0,"comment_status":"closed","ping_status":"closed","template":"","meta":[],"_links":{"self":[{"href":"https:\/\/laboratoriosfundiza.es\/web\/wp-json\/wp\/v2\/pages\/67"}],"collection":[{"href":"https:\/\/laboratoriosfundiza.es\/web\/wp-json\/wp\/v2\/pages"}],"about":[{"href":"https:\/\/laboratoriosfundiza.es\/web\/wp-json\/wp\/v2\/types\/page"}],"author":[{"embeddable":true,"href":"https:\/\/laboratoriosfundiza.es\/web\/wp-json\/wp\/v2\/users\/1"}],"replies":[{"embeddable":true,"href":"https:\/\/laboratoriosfundiza.es\/web\/wp-json\/wp\/v2\/comments?post=67"}],"version-history":[{"count":5,"href":"https:\/\/laboratoriosfundiza.es\/web\/wp-json\/wp\/v2\/pages\/67\/revisions"}],"predecessor-version":[{"id":207,"href":"https:\/\/laboratoriosfundiza.es\/web\/wp-json\/wp\/v2\/pages\/67\/revisions\/207"}],"wp:attachment":[{"href":"https:\/\/laboratoriosfundiza.es\/web\/wp-json\/wp\/v2\/media?parent=67"}],"curies":[{"name":"wp","href":"https:\/\/api.w.org\/{rel}","templated":true}]}}